{"id":15,"date":"2023-08-21T20:09:23","date_gmt":"2023-08-21T18:09:23","guid":{"rendered":"http:\/\/akumulatoryradom.pl\/?page_id=15"},"modified":"2023-09-07T16:00:02","modified_gmt":"2023-09-07T14:00:02","slug":"15-2","status":"publish","type":"page","link":"https:\/\/akumulatoryradom.pl\/","title":{"rendered":""},"content":{"rendered":"<p>[et_pb_section fb_built=&#8221;1&#8243; fullwidth=&#8221;on&#8221; _builder_version=&#8221;4.22.1&#8243; _module_preset=&#8221;default&#8221; global_colors_info=&#8221;{}&#8221;][et_pb_fullwidth_slider show_image_video_mobile=&#8221;on&#8221; disabled_on=&#8221;off|off|off&#8221; module_class=&#8221;et_fullscreen_slider&#8221; _builder_version=&#8221;4.22.1&#8243; _module_preset=&#8221;default&#8221; border_radii=&#8221;off|1px|1px||&#8221; border_width_top=&#8221;6px&#8221; border_color_top=&#8221;#E02B20&#8243; global_colors_info=&#8221;{}&#8221;][et_pb_slide _builder_version=&#8221;4.22.1&#8243; _module_preset=&#8221;default&#8221; header_font_size=&#8221;39px&#8221; header_letter_spacing=&#8221;0px&#8221; header_line_height=&#8221;1.6em&#8221; body_text_align=&#8221;center&#8221; body_font_size=&#8221;15px&#8221; background_enable_color=&#8221;off&#8221; background_image=&#8221;http:\/\/akumulatoryradom.pl\/wp-content\/uploads\/2023\/09\/slider_akumulatory_radom_HD_4.jpg&#8221; background_enable_image=&#8221;on&#8221; custom_padding=&#8221;8px||||false|false&#8221; header_text_shadow_style=&#8221;preset2&#8243; global_colors_info=&#8221;{}&#8221; sticky_transition=&#8221;on&#8221;][\/et_pb_slide][\/et_pb_fullwidth_slider][\/et_pb_section][et_pb_section fb_built=&#8221;1&#8243; _builder_version=&#8221;4.22.1&#8243; _module_preset=&#8221;default&#8221; background_color=&#8221;#000000&#8243; background_image=&#8221;http:\/\/akumulatoryradom.pl\/wp-content\/uploads\/2023\/09\/bg_akumulatory_radom_HD.jpg&#8221; parallax=&#8221;on&#8221; border_radii=&#8221;off|2px|2px|1px|&#8221; border_width_top=&#8221;4px&#8221; border_color_top=&#8221;#E02B20&#8243; global_colors_info=&#8221;{}&#8221;][et_pb_row _builder_version=&#8221;4.22.1&#8243; _module_preset=&#8221;default&#8221; hover_enabled=&#8221;0&#8243; global_colors_info=&#8221;{}&#8221; sticky_enabled=&#8221;0&#8243; animation_style=&#8221;slide&#8221;][et_pb_column type=&#8221;4_4&#8243; _builder_version=&#8221;4.22.1&#8243; _module_preset=&#8221;default&#8221; global_colors_info=&#8221;{}&#8221;][et_pb_text _builder_version=&#8221;4.22.1&#8243; _module_preset=&#8221;default&#8221; animation_style=&#8221;slide&#8221; hover_enabled=&#8221;0&#8243; global_colors_info=&#8221;{}&#8221; sticky_enabled=&#8221;0&#8243;]<\/p>\n<h3 style=\"text-align: center;\"><span style=\"color: #ffffff;\">Witamy w sklepie Akumulatory Radom!<\/span><\/h3>\n<p style=\"text-align: center;\"><span style=\"color: #ffffff;\">Je\u015bli szukasz najlepszego sklepu z akumulatorami w Radomiu to dobrze trafi\u0142e\u015b!<\/span><\/p>\n<p style=\"text-align: center;\"><span style=\"color: #ffffff;\">Cho\u0107 nie mamy d\u0142ugiej historii na radomskim rynku, jeste\u015bmy dumni z naszej reputacji oraz opinii klient\u00f3w.<\/span><br \/><span style=\"color: #ffffff;\">W naszej ofercie znajdziecie szeroki wyb\u00f3r akumulator\u00f3w do wszelkich pojazd\u00f3w i urz\u0105dze\u0144. Oferujemy akumulatory nie tylko renomowanych marek takich jak Varta, Bosch, Yuasa, Centra, Banner, Topla, Exide, A-Mega, Jenox, ale i wiele innych.<\/span><br \/><span style=\"color: #ffffff;\">Chc\u0105c wyj\u015b\u0107 naprzeciw oczekiwaniom klient\u00f3w wci\u0105\u017c poszerzamy nasz\u0105 ofert\u0119.<\/span><\/p>\n<p>[\/et_pb_text][\/et_pb_column][\/et_pb_row][\/et_pb_section][et_pb_section fb_built=&#8221;1&#8243; _builder_version=&#8221;4.22.1&#8243; _module_preset=&#8221;default&#8221; background_color=&#8221;#E02B20&#8243; global_colors_info=&#8221;{}&#8221;][et_pb_row _builder_version=&#8221;4.22.1&#8243; _module_preset=&#8221;default&#8221; global_colors_info=&#8221;{}&#8221;][et_pb_column type=&#8221;4_4&#8243; _builder_version=&#8221;4.22.1&#8243; _module_preset=&#8221;default&#8221; global_colors_info=&#8221;{}&#8221;][et_pb_text _builder_version=&#8221;4.22.1&#8243; _module_preset=&#8221;default&#8221; animation_style=&#8221;slide&#8221; global_colors_info=&#8221;{}&#8221;][\/et_pb_text][\/et_pb_column][\/et_pb_row][et_pb_row column_structure=&#8221;1_2,1_2&#8243; _builder_version=&#8221;4.22.1&#8243; _module_preset=&#8221;default&#8221; animation_direction=&#8221;right&#8221; global_colors_info=&#8221;{}&#8221;][et_pb_column type=&#8221;1_2&#8243; _builder_version=&#8221;4.22.1&#8243; _module_preset=&#8221;default&#8221; global_colors_info=&#8221;{}&#8221;][et_pb_text _builder_version=&#8221;4.22.1&#8243; _module_preset=&#8221;default&#8221; animation_style=&#8221;slide&#8221; animation_direction=&#8221;left&#8221; global_colors_info=&#8221;{}&#8221;]<\/p>\n<h3><span style=\"color: #ffffff;\"><strong>A znajdziecie w niej akumulatory do:<\/strong><\/span><\/h3>\n<ul>\n<li><span style=\"color: #ffffff;\">samochod\u00f3w osobowych, ci\u0119\u017carowych, maszyn rolniczych<\/span><\/li>\n<li><span style=\"color: #ffffff;\">motocykli, skuter\u00f3w i quad\u00f3w<\/span><\/li>\n<li><span style=\"color: #ffffff;\">kamper\u00f3w, przyczep kempingowych oraz \u0142odzi<\/span><\/li>\n<li><span style=\"color: #ffffff;\">kosiarek i traktork\u00f3w ogrodowych<\/span><\/li>\n<li><span style=\"color: #ffffff;\">podno\u015bnik\u00f3w koszowych, platformowych, trakcyjnych<\/span><\/li>\n<li><span style=\"color: #ffffff;\">fotowoltaiki, serwerowni<\/span><\/li>\n<li><span style=\"color: #ffffff;\">alarm\u00f3w, ups, kas fiskalnych, zabawek<\/span><\/li>\n<li><span style=\"color: #ffffff;\">* oraz wielu innych<\/span><\/li>\n<\/ul>\n<h3><span style=\"color: #ffffff;\"><strong>Ponad to zakupisz u nas :<\/strong><\/span><\/h3>\n<ul>\n<li><span style=\"color: #ffffff;\">nak\u0142adki\/adaptery<\/span><\/li>\n<li><span style=\"color: #ffffff;\">zaciski\/klemy<\/span><\/li>\n<li><span style=\"color: #ffffff;\">elektrolit<\/span><\/li>\n<li><span style=\"color: #ffffff;\">przewody rozruchowe<\/span><\/li>\n<li><span style=\"color: #ffffff;\">\u0142adowarki\/prostowniki<\/span><\/li>\n<\/ul>\n<p>[\/et_pb_text][\/et_pb_column][et_pb_column type=&#8221;1_2&#8243; _builder_version=&#8221;4.22.1&#8243; _module_preset=&#8221;default&#8221; global_colors_info=&#8221;{}&#8221;][et_pb_image src=&#8221;http:\/\/akumulatoryradom.pl\/wp-content\/uploads\/2023\/08\/centra-281&#215;300.png&#8221; title_text=&#8221;centra&#8221; _builder_version=&#8221;4.22.1&#8243; _module_preset=&#8221;default&#8221; animation_style=&#8221;slide&#8221; animation_direction=&#8221;right&#8221; global_colors_info=&#8221;{}&#8221;][\/et_pb_image][\/et_pb_column][\/et_pb_row][\/et_pb_section][et_pb_section fb_built=&#8221;1&#8243; _builder_version=&#8221;4.22.1&#8243; _module_preset=&#8221;default&#8221; global_colors_info=&#8221;{}&#8221;][et_pb_row column_structure=&#8221;1_2,1_2&#8243; _builder_version=&#8221;4.22.1&#8243; _module_preset=&#8221;default&#8221; global_colors_info=&#8221;{}&#8221;][et_pb_column type=&#8221;1_2&#8243; _builder_version=&#8221;4.22.1&#8243; _module_preset=&#8221;default&#8221; global_colors_info=&#8221;{}&#8221;][et_pb_text _builder_version=&#8221;4.22.1&#8243; _module_preset=&#8221;default&#8221; global_colors_info=&#8221;{}&#8221;]<\/p>\n<p style=\"text-align: left;\">Nie musisz martwi\u0107 si\u0119 jaki akumulator wybra\u0107 do swojego auta. My zrobimy to za Ciebie! Sprzedajemy zar\u00f3wno akumulatory kwasowo-o\u0142owiowe, \u017celowe jak i akumulatory AGM i EFB dedykowane do samochod\u00f3w z systemem start-stop oraz z du\u017c\u0105 ilo\u015bci\u0105 urz\u0105dze\u0144 elektrycznych o zwi\u0119kszonym poborze energii.<\/p>\n<h3><strong>Wystawiamy faktury VAT.<\/strong><\/h3>\n<p><span style=\"color: #ff0000;\"><strong>Dow\u00f3z akumulatora!<\/strong><\/span><\/p>\n<p style=\"text-align: left;\">Sprzedajemy, dowozimy i montujemy nowe akumulatory na terenie ca\u0142ego Radomia. Je\u017celi Tw\u00f3j akumulator nagle przesta\u0142 dzia\u0142a\u0107, zadzwo\u0144 do nas, a my dojedziemy w wyznaczone przez Ciebie miejsce, dobierzemy i zamontujemy nowy akumulator.<\/p>\n<p><span style=\"color: #ff0000;\"><strong>Bezp\u0142atny test Twojego akumulatora!<\/strong><\/span><\/p>\n<p style=\"text-align: left;\">Masz problem z odpaleniem auta? Przyjed\u017a do nas na bezp\u0142atne zdiagnozowanie swojego akumulatora. Sprawdzimy jego \u017cywotno\u015b\u0107 oraz napi\u0119cie pod obci\u0105\u017ceniem. Dodatkowo sprawdzimy \u0142adowanie alternatora.<\/p>\n<p>&nbsp;<\/p>\n<h3><strong>Godziny otwarcia:<\/strong><\/h3>\n<p>Poniedzia\u0142ek- Niedziela 7:00- 22:30<\/p>\n<p><strong><span style=\"color: #ff0000;\">Tel. 577-442-788 lub 606-584-613<\/span><\/strong><\/p>\n<p><strong>Wystawiamy faktury VAT.<\/strong><\/p>\n<p style=\"text-align: left;\">Przy odbiorze akumulatora nale\u017cy zda\u0107 zu\u017cyty akumulator (zgodnie z Art.21 Ustawy o obowi\u0105zkach przedsi\u0119biorc\u00f3w w zakresie gospodarowania niekt\u00f3rymi odpadami oraz op\u0142acie produktowej i depozytowej, Dziennik ustaw 63 poz. 639 z dn. 11.05.2001r.). W przypadku braku zu\u017cytego akumulatora naliczana jest kaucja w wysoko\u015bci 30z\u0142.<\/p>\n<p>[\/et_pb_text][\/et_pb_column][et_pb_column type=&#8221;1_2&#8243; _builder_version=&#8221;4.22.1&#8243; _module_preset=&#8221;default&#8221; global_colors_info=&#8221;{}&#8221;][et_pb_image src=&#8221;http:\/\/akumulatoryradom.pl\/wp-content\/uploads\/2023\/09\/akumulatory_radom_gajowa_33.jpg&#8221; title_text=&#8221;akumulatory_radom_gajowa_33&#8243; show_in_lightbox=&#8221;on&#8221; _builder_version=&#8221;4.22.1&#8243; _module_preset=&#8221;default&#8221; global_colors_info=&#8221;{}&#8221;][\/et_pb_image][et_pb_image src=&#8221;http:\/\/akumulatoryradom.pl\/wp-content\/uploads\/2023\/09\/fb-logo.png&#8221; title_text=&#8221;fb-logo&#8221; url=&#8221;https:\/\/www.facebook.com\/profile.php?id=100087217718789&#8243; align=&#8221;center&#8221; _builder_version=&#8221;4.22.1&#8243; _module_preset=&#8221;default&#8221; global_colors_info=&#8221;{}&#8221;][\/et_pb_image][\/et_pb_column][\/et_pb_row][\/et_pb_section][et_pb_section fb_built=&#8221;1&#8243; fullwidth=&#8221;on&#8221; _builder_version=&#8221;4.22.1&#8243; _module_preset=&#8221;default&#8221; global_colors_info=&#8221;{}&#8221;][et_pb_fullwidth_code _builder_version=&#8221;4.22.1&#8243; _module_preset=&#8221;default&#8221; global_colors_info=&#8221;{}&#8221;]<iframe src=\"https:\/\/www.google.com\/maps\/embed?pb=!1m18!1m12!1m3!1d2490.4106071435726!2d21.143801000000003!3d51.3771311!2m3!1f0!2f0!3f0!3m2!1i1024!2i768!4f13.1!3m3!1m2!1s0x47185ea623a6461b%3A0xb1aa44565462a491!2sGajowa%2033%2C%2026-606%20Radom!5e0!3m2!1spl!2spl!4v1694013626312!5m2!1spl!2spl\"  width=\"100%\" height=\"450\"  style=\"border:0;\" allowfullscreen=\"\" loading=\"lazy\" referrerpolicy=\"no-referrer-when-downgrade\"><\/iframe>[\/et_pb_fullwidth_code][\/et_pb_section]<\/p>\n","protected":false},"excerpt":{"rendered":"<p>Witamy w sklepie Akumulatory Radom! Je\u015bli szukasz najlepszego sklepu z akumulatorami w Radomiu to dobrze trafi\u0142e\u015b! Cho\u0107 nie mamy d\u0142ugiej historii na radomskim rynku, jeste\u015bmy dumni z naszej reputacji oraz opinii klient\u00f3w.W naszej ofercie znajdziecie szeroki wyb\u00f3r akumulator\u00f3w do wszelkich pojazd\u00f3w i urz\u0105dze\u0144. Oferujemy akumulatory nie tylko renomowanych marek takich jak Varta, Bosch, Yuasa, Centra, [&hellip;]<\/p>\n","protected":false},"author":1,"featured_media":0,"parent":0,"menu_order":0,"comment_status":"closed","ping_status":"closed","template":"","meta":{"_et_pb_use_builder":"on","_et_pb_old_content":"","_et_gb_content_width":"","footnotes":""},"class_list":["post-15","page","type-page","status-publish","hentry"],"_links":{"self":[{"href":"https:\/\/akumulatoryradom.pl\/index.php\/wp-json\/wp\/v2\/pages\/15","targetHints":{"allow":["GET"]}}],"collection":[{"href":"https:\/\/akumulatoryradom.pl\/index.php\/wp-json\/wp\/v2\/pages"}],"about":[{"href":"https:\/\/akumulatoryradom.pl\/index.php\/wp-json\/wp\/v2\/types\/page"}],"author":[{"embeddable":true,"href":"https:\/\/akumulatoryradom.pl\/index.php\/wp-json\/wp\/v2\/users\/1"}],"replies":[{"embeddable":true,"href":"https:\/\/akumulatoryradom.pl\/index.php\/wp-json\/wp\/v2\/comments?post=15"}],"version-history":[{"count":35,"href":"https:\/\/akumulatoryradom.pl\/index.php\/wp-json\/wp\/v2\/pages\/15\/revisions"}],"predecessor-version":[{"id":79,"href":"https:\/\/akumulatoryradom.pl\/index.php\/wp-json\/wp\/v2\/pages\/15\/revisions\/79"}],"wp:attachment":[{"href":"https:\/\/akumulatoryradom.pl\/index.php\/wp-json\/wp\/v2\/media?parent=15"}],"curies":[{"name":"wp","href":"https:\/\/api.w.org\/{rel}","templated":true}]}}